






{"id":296,"date":"2022-02-08T14:10:49","date_gmt":"2022-02-08T11:10:49","guid":{"rendered":"https:\/\/www.biosentez.com\/en\/?page_id=296"},"modified":"2022-03-03T18:42:03","modified_gmt":"2022-03-03T15:42:03","slug":"data-owner-application-form","status":"publish","type":"page","link":"https:\/\/biosentez.com\/en\/data-owner-application-form\/","title":{"rendered":"Data Owner Application Form"},"content":{"rendered":"<p>KVYS-FR_01<\/p>\n<p><strong>PERSONAL NO. 6698<\/strong><br \/>\n<strong>DATA PROTECTION LAW<\/strong><br \/>\n<strong>USE OF THE RIGHTS OF DATA OWNERS WITHIN THE SCOPE<\/strong><br \/>\n<strong>APPLICATION FORM FOR<\/strong><\/p>\n<p>Please<br \/>\nYour request under the Personal Data Protection Law (\u201cLaw\u201d)<br \/>\nPlease fill in the application form below clearly and completely in order to be able to<br \/>\nfilled and signed with wet signature B\u0130OSENTEZ DIAGNOSTIC S\u0130STEMLER MED\u0130KAL TIC.<br \/>\nLTD .\u015eT\u0130 (B\u00fcy\u00fckbakkalk\u00f6y, Me\u015feler Sk. No:23, 34858 Dudullu OSB\/Maltepe\/\u0130stanbul)<br \/>\naddress or send the relevant form to f<a href=\"mailto:biosentez@hs02.kep.tr\">biosentez@hs02.kep.tr<\/a><br \/>\nYou can send it with a secure electronic signature.<\/p>\n<p>your application as soon as possible and<br \/>\nat the latest 30 days from its receipt by us<br \/>\nWe will reply within. Information and documents you provide to us<br \/>\nincomplete or incomprehensible<br \/>\nWe will contact you in order to finalize your application correctly.<\/p>\n<div class=\"WordSection1\">\n<h3 style=\"margin-bottom: 2.15pt;\"><span lang=\"TR\">1.<span style=\"font: 7.0pt 'Times New Roman';\"> \u00a0\u00a0\u00a0\u00a0\u00a0<\/span><\/span><span lang=\"TR\">IDENTITY AND CONTACT INFORMATION OF THE PERSONAL DATA OWNER<\/span><\/h3>\n<table class=\"TableNormal1\" style=\"margin-left: 6.25pt; border-collapse: collapse; border: none;\" border=\"1\" cellspacing=\"0\" cellpadding=\"0\">\n<tbody>\n<tr style=\"height: 40.3pt;\">\n<td style=\"width: 126.25pt; border: solid black 1.0pt; padding: 0in 0in 0in 0in; height: 40.3pt;\" valign=\"top\" width=\"168\">\n<p class=\"TableParagraph\" style=\"line-height: 13.25pt;\"><b><span lang=\"TR\">Full Name:<\/span><\/b><\/p>\n<\/td>\n<td style=\"width: 362.85pt; border: solid black 1.0pt; border-left: none; padding: 0in 0in 0in 0in; height: 40.3pt;\" valign=\"top\" width=\"484\">\n<p class=\"TableParagraph\" style=\"margin-left: 0in;\"><span lang=\"TR\" style=\"font-family: 'Times New Roman',serif;\">\u00a0<\/span><\/p>\n<\/td>\n<\/tr>\n<tr style=\"height: 40.3pt;\">\n<td style=\"width: 126.25pt; border: solid black 1.0pt; border-top: none; padding: 0in 0in 0in 0in; height: 40.3pt;\" valign=\"top\" width=\"168\">\n<p class=\"TableParagraph\" style=\"line-height: 13.25pt;\"><b><span lang=\"TR\">T.R. Identity<span style=\"letter-spacing: -.25pt;\"><br \/>\n<\/span>No:<\/span><\/b><\/p>\n<\/td>\n<td style=\"width: 362.85pt; border-top: none; border-left: none; border-bottom: solid black 1.0pt; border-right: solid black 1.0pt; padding: 0in 0in 0in 0in; height: 40.3pt;\" valign=\"top\" width=\"484\">\n<p class=\"TableParagraph\" style=\"margin-left: 0in;\"><span lang=\"TR\" style=\"font-family: 'Times New Roman',serif;\">\u00a0<\/span><\/p>\n<\/td>\n<\/tr>\n<tr style=\"height: 40.25pt;\">\n<td style=\"width: 126.25pt; border: solid black 1.0pt; border-top: none; padding: 0in 0in 0in 0in; height: 40.25pt;\" valign=\"top\" width=\"168\">\n<p class=\"TableParagraph\" style=\"line-height: 13.25pt;\"><b><span lang=\"TR\">Phone Number:<\/span><\/b><\/p>\n<\/td>\n<td style=\"width: 362.85pt; border-top: none; border-left: none; border-bottom: solid black 1.0pt; border-right: solid black 1.0pt; padding: 0in 0in 0in 0in; height: 40.25pt;\" valign=\"top\" width=\"484\">\n<p class=\"TableParagraph\" style=\"margin-left: 0in;\"><span lang=\"TR\" style=\"font-family: 'Times New Roman',serif;\">\u00a0<\/span><\/p>\n<\/td>\n<\/tr>\n<tr style=\"height: 40.3pt;\">\n<td style=\"width: 126.25pt; border: solid black 1.0pt; border-top: none; padding: 0in 0in 0in 0in; height: 40.3pt;\" valign=\"top\" width=\"168\">\n<p class=\"TableParagraph\" style=\"line-height: 13.25pt;\"><b><span lang=\"TR\">Address:<\/span><\/b><\/p>\n<\/td>\n<td style=\"width: 362.85pt; border-top: none; border-left: none; border-bottom: solid black 1.0pt; border-right: solid black 1.0pt; padding: 0in 0in 0in 0in; height: 40.3pt;\" valign=\"top\" width=\"484\">\n<p class=\"TableParagraph\" style=\"margin-left: 0in;\"><span lang=\"TR\" style=\"font-family: 'Times New Roman',serif;\">\u00a0<\/span><\/p>\n<\/td>\n<\/tr>\n<tr style=\"height: 40.3pt;\">\n<td style=\"width: 126.25pt; border: solid black 1.0pt; border-top: none; padding: 0in 0in 0in 0in; height: 40.3pt;\" valign=\"top\" width=\"168\">\n<p class=\"TableParagraph\" style=\"line-height: 13.25pt;\"><b><span lang=\"TR\">E-Mail Address:<\/span><\/b><\/p>\n<\/td>\n<td style=\"width: 362.85pt; border-top: none; border-left: none; border-bottom: solid black 1.0pt; border-right: solid black 1.0pt; padding: 0in 0in 0in 0in; height: 40.3pt;\" valign=\"top\" width=\"484\">\n<p class=\"TableParagraph\" style=\"margin-left: 0in;\"><span lang=\"TR\" style=\"font-family: 'Times New Roman',serif;\">\u00a0<\/span><\/p>\n<\/td>\n<\/tr>\n<tr style=\"height: 40.25pt;\">\n<td style=\"width: 126.25pt; border: solid black 1.0pt; border-top: none; padding: 0in 0in 0in 0in; height: 40.25pt;\" valign=\"top\" width=\"168\">\n<p class=\"TableParagraph\" style=\"line-height: 13.25pt;\"><b><span lang=\"TR\">Your relationship<\/span><\/b><\/p>\n<p class=\"TableParagraph\" style=\"margin-top: 6.7pt;\"><b><span lang=\"TR\">with our institution<\/span><\/b><\/p>\n<\/td>\n<td style=\"width: 362.85pt; border-top: none; border-left: none; border-bottom: solid black 1.0pt; border-right: solid black 1.0pt; padding: 0in 0in 0in 0in; height: 40.25pt;\" valign=\"top\" width=\"484\">\n<p class=\"TableParagraph\" style=\"margin: .5pt 0in .0001pt 0in;\"><b><span lang=\"TR\" style=\"font-size: 12.0pt;\">\u00a0<\/span><\/b><\/p>\n<p class=\"TableParagraph\" style=\"margin: .05pt 0in .0001pt 13.3pt;\"><i><span lang=\"TR\">( business partner, employee<span style=\"letter-spacing: -.15pt;\"><br \/>\n<\/span>candidate, ex-employee, third-party firm<span style=\"letter-spacing: -.1pt;\"><br \/>\n<\/span>like an employee)<\/span><\/i><\/p>\n<\/td>\n<\/tr>\n<\/tbody>\n<\/table>\n<p class=\"MsoListParagraph\" style=\"margin-left: 39.85pt; text-indent: -11.1pt; line-height: 12.6pt;\"><b><span lang=\"TR\" style=\"font-family: 'Times New Roman',serif;\">2.<span style=\"font: 7.0pt 'Times New Roman';\">\u00a0 <\/span><\/span><\/b><b><span lang=\"TR\" style=\"font-family: 'Times New Roman',serif;\">Regarding the Choice of the Right to be Used by the Personal Data Owner<span style=\"letter-spacing: -.3pt;\"><br \/>\n<\/span>Bilgiler<\/span><\/b><\/p>\n<p class=\"MsoNormal\" style=\"margin-left: 25.8pt; line-height: 11.45pt;\"><span lang=\"TR\" style=\"font-size: 10.0pt; font-family: 'Times New Roman',serif;\">(Please next to the wording appropriate for your request<span style=\"letter-spacing: -.25pt;\"><br \/>\n<\/span>tick the box(s))<\/span><span lang=\"TR\" style=\"font-size: 5.0pt; font-family: 'Times New Roman',serif;\">\u00a0<\/span><\/p>\n<table class=\"TableNormal1\" style=\"margin-left: 6.25pt; border-collapse: collapse; border: none;\" border=\"1\" cellspacing=\"0\" cellpadding=\"0\">\n<tbody>\n<tr style=\"height: 34.4pt;\">\n<td style=\"width: 40.95pt; border: solid black 1.0pt; padding: 0in 0in 0in 0in; height: 34.4pt;\" valign=\"top\" width=\"55\">\n<p class=\"TableParagraph\" style=\"margin-left: 0in;\"><span lang=\"TR\" style=\"font-family: 'Times New Roman',serif;\">\u00a0<\/span><\/p>\n<\/td>\n<td style=\"width: 433.75pt; border: solid black 1.0pt; border-left: none; padding: 0in 0in 0in 0in; height: 34.4pt;\" valign=\"top\" width=\"578\">\n<p class=\"TableParagraph\" style=\"margin: 0in 24.35pt .0001pt 10.75pt;\">If your Institution, personal information about me<br \/>\nIf data is processed, request information about these data processing activities.<br \/>\nI do.<\/p>\n<\/td>\n<\/tr>\n<tr style=\"height: 33.45pt;\">\n<td style=\"width: 40.95pt; border: solid black 1.0pt; border-top: none; padding: 0in 0in 0in 0in; height: 33.45pt;\" valign=\"top\" width=\"55\">\n<p class=\"TableParagraph\" style=\"margin-left: 0in;\"><span lang=\"TR\" style=\"font-family: 'Times New Roman',serif;\">\u00a0<\/span><\/p>\n<\/td>\n<td style=\"width: 433.75pt; border-top: none; border-left: none; border-bottom: solid black 1.0pt; border-right: solid black 1.0pt; padding: 0in 0in 0in 0in; height: 33.45pt;\" valign=\"top\" width=\"578\">\n<p class=\"TableParagraph\" style=\"margin: 0in 24.35pt .0001pt 10.75pt;\">If your Institution processes personal data about me, the purpose of their processing and whether they are used in accordance with the purpose of processing.<br \/>\nI want to know if you are using it.<\/p>\n<\/td>\n<\/tr>\n<tr style=\"height: 25.3pt;\">\n<td style=\"width: 40.95pt; border: solid black 1.0pt; border-top: none; padding: 0in 0in 0in 0in; height: 25.3pt;\" valign=\"top\" width=\"55\">\n<p class=\"TableParagraph\" style=\"margin-left: 0in;\"><span lang=\"TR\" style=\"font-family: 'Times New Roman',serif;\">\u00a0<\/span><\/p>\n<\/td>\n<td style=\"width: 433.75pt; border-top: none; border-left: none; border-bottom: solid black 1.0pt; border-right: solid black 1.0pt; padding: 0in 0in 0in 0in; height: 25.3pt;\" valign=\"top\" width=\"578\">If personal<br \/>\nmy data is domestic or<br \/>\nIf it is transferred to third parties abroad, this third partyto know people<br \/>\nI want.<\/td>\n<\/tr>\n<tr style=\"height: 30.9pt;\">\n<td style=\"width: 40.95pt; border: solid black 1.0pt; border-top: none; padding: 0in 0in 0in 0in; height: 30.9pt;\" valign=\"top\" width=\"55\">\n<p class=\"TableParagraph\" style=\"margin-left: 0in;\"><span lang=\"TR\" style=\"font-family: 'Times New Roman',serif;\">\u00a0<\/span><\/p>\n<\/td>\n<td style=\"width: 433.75pt; border-top: none; border-left: none; border-bottom: solid black 1.0pt; border-right: solid black 1.0pt; padding: 0in 0in 0in 0in; height: 30.9pt;\" valign=\"top\" width=\"578\">If my personal data is at home or abroad,<br \/>\nif it is transferred to third partiesI want to know people.<\/td>\n<\/tr>\n<tr style=\"height: 30.8pt;\">\n<td style=\"width: 40.95pt; border: solid black 1.0pt; border-top: none; padding: 0in 0in 0in 0in; height: 30.8pt;\" valign=\"top\" width=\"55\">\n<p class=\"TableParagraph\" style=\"margin-left: 0in;\"><span lang=\"TR\" style=\"font-family: 'Times New Roman',serif;\">\u00a0<\/span><\/p>\n<\/td>\n<td style=\"width: 433.75pt; border-top: none; border-left: none; border-bottom: solid black 1.0pt; border-right: solid black 1.0pt; padding: 0in 0in 0in 0in; height: 30.8pt;\" valign=\"top\" width=\"578\">\n<p class=\"TableParagraph\" style=\"line-height: 13.25pt;\"><span lang=\"TR\">Legal and relevant data of my personal data<span style=\"letter-spacing: 2.25pt;\"><br \/>\n<\/span>processed in accordance with the provisions of other laws.<\/span><\/p>\n<p class=\"TableParagraph\" style=\"margin-top: 1.9pt;\"><span lang=\"TR\">However, I want my personal data deleted.<\/span><\/p>\n<\/td>\n<\/tr>\n<tr style=\"height: 15.45pt;\">\n<td style=\"width: 40.95pt; border: solid black 1.0pt; border-top: none; padding: 0in 0in 0in 0in; height: 15.45pt;\" valign=\"top\" width=\"55\">\n<p class=\"TableParagraph\" style=\"margin-left: 0in;\"><span lang=\"TR\" style=\"font-family: 'Times New Roman',serif;\">\u00a0<\/span><\/p>\n<\/td>\n<td style=\"width: 433.75pt; border-top: none; border-left: none; border-bottom: solid black 1.0pt; border-right: solid black 1.0pt; padding: 0in 0in 0in 0in; height: 15.45pt;\" valign=\"top\" width=\"578\">\n<p class=\"TableParagraph\" style=\"line-height: 13.25pt;\">Legal and relevant data of my personal data<br \/>\nprocessed in accordance with the provisions of other laws.<\/p>\n<\/td>\n<\/tr>\n<\/tbody>\n<\/table>\n<\/div>\n<p><span lang=\"TR\" style=\"font-size: 11.0pt; font-family: 'Calibri',sans-serif;\">\u00a0<\/span><\/p>\n<div class=\"WordSection2\">\n<table class=\"TableNormal1\" style=\"margin-left: 6.25pt; border-collapse: collapse; border: none;\" border=\"1\" cellspacing=\"0\" cellpadding=\"0\">\n<tbody>\n<tr style=\"height: 28.85pt;\">\n<td style=\"width: 40.95pt; border: solid black 1.0pt; padding: 0in 0in 0in 0in; height: 28.85pt;\" valign=\"top\" width=\"55\">\n<p class=\"TableParagraph\" style=\"margin-left: 0in;\"><span lang=\"TR\" style=\"font-family: 'Times New Roman',serif;\">\u00a0<\/span><\/p>\n<\/td>\n<td style=\"width: 433.75pt; border: solid black 1.0pt; border-left: none; padding: 0in 0in 0in 0in; height: 28.85pt;\" valign=\"top\" width=\"578\">\n<p class=\"TableParagraph\" style=\"line-height: 13.1pt;\">However, I want my personal data deleted.<\/p>\n<\/td>\n<\/tr>\n<tr style=\"height: 26.85pt;\">\n<td style=\"width: 40.95pt; border: solid black 1.0pt; border-top: none; padding: 0in 0in 0in 0in; height: 26.85pt;\" valign=\"top\" width=\"55\">\n<p class=\"TableParagraph\" style=\"margin-left: 0in;\"><span lang=\"TR\" style=\"font-family: 'Times New Roman',serif;\">\u00a0<\/span><\/p>\n<\/td>\n<td style=\"width: 433.75pt; border-top: none; border-left: none; border-bottom: solid black 1.0pt; border-right: solid black 1.0pt; padding: 0in 0in 0in 0in; height: 26.85pt;\" valign=\"top\" width=\"578\">\n<p class=\"TableParagraph\" style=\"line-height: 13.0pt;\"><span lang=\"TR\">Third parties to whom my personal data is transferred, which I think is incomplete and incorrectly processed<span style=\"letter-spacing: .35pt;\"><br \/>\n<\/span>also before<\/span><\/p>\n<p class=\"TableParagraph\" style=\"line-height: 12.85pt;\"><span lang=\"TR\">As stated in point 3<span style=\"letter-spacing: -.05pt;\"><br \/>\n<\/span>I want it fixed.<\/span><\/p>\n<\/td>\n<\/tr>\n<tr style=\"height: 26.85pt;\">\n<td style=\"width: 40.95pt; border: solid black 1.0pt; border-top: none; padding: 0in 0in 0in 0in; height: 26.85pt;\" valign=\"top\" width=\"55\">\n<p class=\"TableParagraph\" style=\"margin-left: 0in;\"><span lang=\"TR\" style=\"font-family: 'Times New Roman',serif;\">\u00a0<\/span><\/p>\n<\/td>\n<td style=\"width: 433.75pt; border-top: none; border-left: none; border-bottom: solid black 1.0pt; border-right: solid black 1.0pt; padding: 0in 0in 0in 0in; height: 26.85pt;\" valign=\"top\" width=\"578\">Request deletion<br \/>\nthe deletion of my personal data, which I have provided, in the presence of the transferred third parties.I want.<\/td>\n<\/tr>\n<tr style=\"height: 40.3pt;\">\n<td style=\"width: 40.95pt; border: solid black 1.0pt; border-top: none; padding: 0in 0in 0in 0in; height: 40.3pt;\" valign=\"top\" width=\"55\">\n<p class=\"TableParagraph\" style=\"margin-left: 0in;\"><span lang=\"TR\" style=\"font-family: 'Times New Roman',serif;\">\u00a0<\/span><\/p>\n<\/td>\n<td style=\"width: 433.75pt; border-top: none; border-left: none; border-bottom: solid black 1.0pt; border-right: solid black 1.0pt; padding: 0in 0in 0in 0in; height: 40.3pt;\" valign=\"top\" width=\"578\">By your institution<br \/>\nanalysis of processed personal data exclusively through automated systems<br \/>\nI think that this analysis has resulted in a negative outcome for me.To this conclusion<br \/>\nI object.<\/td>\n<\/tr>\n<\/tbody>\n<\/table>\n<p>&nbsp;<\/p>\n<\/div>\n<div><\/div>\n<div><\/div>\n<div class=\"WordSection2\">\n<p><b style=\"text-indent: -0.25in;\"><span lang=\"TR\">3.<span style=\"font: 7.0pt 'Times New Roman';\"> \u00a0\u00a0\u00a0\u00a0\u00a0<\/span><\/span><\/b><b style=\"text-indent: -0.25in;\"><span lang=\"TR\">EXPLANATION ABOUT THE REQUEST<\/span><\/b><\/p>\n<p class=\"MsoListParagraph\" style=\"text-indent: -.25in; line-height: 115%; margin: 2.8pt 7.4pt .15pt 61.8pt;\"><span lang=\"TR\">(Please specify your request under the KVK Law and the personal data subject to your request in detail.)<\/span><\/p>\n<p>&nbsp;<\/p>\n<h3 style=\"margin-top: 2.8pt;\"><span lang=\"TR\">4.<span style=\"font: 7.0pt 'Times New Roman';\"> \u00a0\u00a0\u00a0\u00a0\u00a0<\/span><\/span><span lang=\"TR\">ATTACHMENTS<\/span><\/h3>\n<p class=\"MsoBodyText\" style=\"margin: 2.05pt 0in .0001pt 25.8pt;\"><span lang=\"TR\">Please indicate if there is any document you want to support your application.<\/span><\/p>\n<p class=\"MsoBodyText\" style=\"margin: 1.95pt 0in .0001pt 25.8pt;\"><span lang=\"TR\">\u2026\u2026\u2026\u2026\u2026\u2026\u2026..\u2026\u2026\u2026\u2026\u2026.\u2026\u2026\u2026\u2026\u2026\u2026\u2026\u2026\u2026\u2026\u2026\u2026.\u2026\u2026\u2026\u2026\u2026\u2026\u2026\u2026\u2026\u2026\u2026\u2026.\u2026\u2026\u2026\u2026\u2026\u2026\u2026\u2026\u2026\u2026\u2026\u2026\u2026\u2026\u2026\u2026\u2026\u2026\u2026\u2026\u2026\u2026\u2026<\/span><\/p>\n<p class=\"MsoBodyText\" style=\"margin: 2.05pt 0in .0001pt 25.8pt;\"><span lang=\"TR\">\u2026\u2026\u2026\u2026\u2026\u2026\u2026\u2026\u2026\u2026\u2026\u2026\u2026\u2026\u2026\u2026\u2026\u2026\u2026\u2026\u2026\u2026\u2026\u2026\u2026\u2026\u2026\u2026\u2026\u2026\u2026\u2026\u2026\u2026\u2026\u2026\u2026\u2026\u2026\u2026\u2026\u2026\u2026\u2026\u2026\u2026\u2026\u2026\u2026\u2026\u2026\u2026\u2026\u2026\u2026\u2026\u2026<\/span><\/p>\n<p class=\"MsoBodyText\" style=\"margin-top: .35pt;\"><span lang=\"TR\" style=\"font-size: 14.0pt;\">\u00a0<\/span><\/p>\n<h3><span lang=\"TR\">5.<span style=\"font: 7.0pt 'Times New Roman';\"> \u00a0\u00a0\u00a0\u00a0\u00a0<\/span><\/span><span lang=\"TR\">PLEASE SELECT THE METHOD TO BE NOTIFIED OF OUR ANSWER TO YOUR APPLICATION:<\/span><\/h3>\n<ul>\n<li><span lang=\"TR\">I want it sent to my address.<\/span><\/li>\n<li class=\"MsoListParagraph\"><span lang=\"TR\">I want it sent to my email address.<\/span><\/li>\n<li class=\"MsoListParagraph\"><span lang=\"TR\">I want to receive it by hand.<\/span><\/li>\n<\/ul>\n<h3><span lang=\"TR\">6.<span style=\"font: 7.0pt 'Times New Roman';\"> \u00a0\u00a0\u00a0\u00a0\u00a0<\/span><\/span><span lang=\"TR\">STATEMENT OF THE APPLICANT<\/span><\/h3>\n<p class=\"MsoBodyText\" style=\"text-align: justify; line-height: 115%; margin: 2.05pt 7.4pt .0001pt 25.8pt;\"><span lang=\"TR\">This application form helps you to identify your relationship with our Foundation.<br \/>\nand, if any, by specifying your personal data processed by our Foundation in full, to your relevant application.<br \/>\ncorrect and legally timely response<span style=\"letter-spacing: .05pt;\"><br \/>\n<\/span>was drawn up for. Data illegally and unfairly<br \/>\nelimination of legal risks that may arise from sharing<span style=\"letter-spacing: .05pt;\"><br \/>\n<\/span>and especially personal<span style=\"letter-spacing: .05pt;\"><br \/>\n<\/span>In order to ensure the security of your data, our Foundation provides additional documents and documents for identification and authorization.<br \/>\nreserves the right to request information (copy of identity card or driver&#8217;s license, etc.). In the form<br \/>\nIf the information regarding your requests is not correct and up-to-date or an unauthorized application<br \/>\nIn case of a request, our Foundation will not be liable for any requests arising from such false information or unauthorized application.<br \/>\ndoes not accept liability. All responsibility arising from unlawful, misleading or false applications lies with you.<\/span><\/p>\n<\/div>\n<p><span lang=\"TR\" style=\"font-size: 11.0pt; line-height: 115%; font-family: 'Calibri',sans-serif;\">\u00a0<\/span><\/p>\n<div class=\"WordSection3\">\n<p class=\"MsoBodyText\" style=\"margin: 3.55pt 0in .0001pt 25.8pt;\"><span lang=\"TR\">Personal Data Owner \/ Person Applying on Behalf of Someone Else<sup>1<\/sup><\/span><\/p>\n<p class=\"MsoBodyText\" style=\"margin: 9.15pt 0in .0001pt 25.8pt;\"><span lang=\"TR\">Full Name\u00a0\u00a0\u00a0\u00a0\u00a0\u00a0\u00a0\u00a0\u00a0\u00a0\u00a0\u00a0\u00a0\u00a0\u00a0\u00a0\u00a0\u00a0\u00a0\u00a0\u00a0\u00a0\u00a0\u00a0\u00a0\u00a0\u00a0\u00a0\u00a0\u00a0\u00a0\u00a0\u00a0\u00a0\u00a0\u00a0\u00a0\u00a0\u00a0\u00a0\u00a0 :<\/span><\/p>\n<p class=\"MsoBodyText\" style=\"margin: 2.05pt 0in .0001pt 25.8pt;\"><span lang=\"TR\">Application date\u00a0\u00a0\u00a0\u00a0\u00a0\u00a0\u00a0\u00a0\u00a0\u00a0\u00a0\u00a0\u00a0\u00a0\u00a0\u00a0\u00a0\u00a0\u00a0\u00a0\u00a0\u00a0\u00a0\u00a0\u00a0\u00a0\u00a0\u00a0\u00a0\u00a0\u00a0\u00a0\u00a0\u00a0 :<\/span><\/p>\n<p class=\"MsoBodyText\" style=\"margin: 1.95pt 0in .0001pt 25.8pt;\"><span lang=\"TR\">Signature\u00a0\u00a0\u00a0\u00a0\u00a0\u00a0\u00a0\u00a0\u00a0\u00a0\u00a0\u00a0\u00a0\u00a0\u00a0\u00a0\u00a0\u00a0\u00a0\u00a0\u00a0\u00a0\u00a0\u00a0\u00a0\u00a0\u00a0\u00a0\u00a0\u00a0\u00a0\u00a0\u00a0\u00a0\u00a0\u00a0\u00a0\u00a0\u00a0\u00a0\u00a0\u00a0\u00a0\u00a0\u00a0\u00a0\u00a0\u00a0 :<\/span><\/p>\n<p class=\"MsoBodyText\"><span lang=\"TR\" style=\"font-size: 10.0pt;\">\u00a0<\/span><\/p>\n<p class=\"MsoNormal\" style=\"text-align: justify; line-height: 117%; margin: 2.35pt 7.65pt .0001pt 25.8pt;\"><span lang=\"TR\" style=\"font-size: 7.0pt; line-height: 117%; position: relative; top: -5.0pt;\">1 <\/span><span lang=\"TR\" style=\"font-size: 9.0pt; line-height: 117%;\">Please apply on behalf of someone else<span style=\"letter-spacing: .05pt;\"><br \/>\n<\/span>if you are, to apply<span style=\"letter-spacing: .05pt;\"><br \/>\n<\/span>showing that you are authorized<span style=\"letter-spacing: .05pt;\"><br \/>\n<\/span>documents (<i>personal data owner<br \/>\ndocument showing that he\/she is a parent\/guardian, such as a power of attorney<\/i>) attached to the application<br \/>\nsend it. Acceptance of these documents as valid<span style=\"letter-spacing: -.05pt;\"><br \/>\n<\/span>competent authorities for<span style=\"letter-spacing: -.05pt;\"><br \/>\n<\/span>edited by or<br \/>\nare required to be approved.<\/span><\/p>\n<\/div>\n","protected":false},"excerpt":{"rendered":"<p>KVYS-FR_01 PERSONAL NO. 6698 DATA PROTECTION LAW USE OF THE RIGHTS OF DATA OWNERS WITHIN THE SCOPE APPLICATION FORM FOR Please Your request under the Personal Data Protection Law (\u201cLaw\u201d) Please fill in the application form below clearly and completely in order to be able to filled and signed with wet signature B\u0130OSENTEZ DIAGNOSTIC S\u0130STEMLER [&hellip;]<\/p>\n","protected":false},"author":1,"featured_media":0,"parent":0,"menu_order":0,"comment_status":"closed","ping_status":"closed","template":"","meta":{"footnotes":""},"class_list":["post-296","page","type-page","status-publish","hentry"],"_links":{"self":[{"href":"https:\/\/biosentez.com\/en\/wp-json\/wp\/v2\/pages\/296","targetHints":{"allow":["GET"]}}],"collection":[{"href":"https:\/\/biosentez.com\/en\/wp-json\/wp\/v2\/pages"}],"about":[{"href":"https:\/\/biosentez.com\/en\/wp-json\/wp\/v2\/types\/page"}],"author":[{"embeddable":true,"href":"https:\/\/biosentez.com\/en\/wp-json\/wp\/v2\/users\/1"}],"replies":[{"embeddable":true,"href":"https:\/\/biosentez.com\/en\/wp-json\/wp\/v2\/comments?post=296"}],"version-history":[{"count":7,"href":"https:\/\/biosentez.com\/en\/wp-json\/wp\/v2\/pages\/296\/revisions"}],"predecessor-version":[{"id":447,"href":"https:\/\/biosentez.com\/en\/wp-json\/wp\/v2\/pages\/296\/revisions\/447"}],"wp:attachment":[{"href":"https:\/\/biosentez.com\/en\/wp-json\/wp\/v2\/media?parent=296"}],"curies":[{"name":"wp","href":"https:\/\/api.w.org\/{rel}","templated":true}]}}